{"id":13400,"date":"2017-07-14T10:28:00","date_gmt":"2017-07-14T10:28:00","guid":{"rendered":"https:\/\/pur.vamtam.com\/?page_id=13400"},"modified":"2025-11-12T02:39:10","modified_gmt":"2025-11-12T01:39:10","slug":"home-massage","status":"publish","type":"page","link":"https:\/\/haileybeautyspa.com\/","title":{"rendered":"Home &#8211; massage"},"content":{"rendered":"<div class=\"vgblk-rw-wrapper limit-wrapper\">\n<h2>\n\tD\u00e9couvrez l&rsquo;\u00c9l\u00e9gance de&#8230;\n\t<\/h2>\n<h2>\n\tL&rsquo;Art du Bien-\u00catre Red\u00e9fin\n\t<\/h2>\n\t<p><img loading=\"lazy\" decoding=\"async\" title=\"hb-logo-tr\" src=\"https:\/\/haileybeautyspa.com\/wp-content\/uploads\/2017\/11\/hb-logo-tr.png\" alt=\"hb-logo-tr\" width=\"100\" height=\"100\" \/><\/p>\n<p>Chaque instant est une invitation \u00e0 la d\u00e9tente profonde. Nos rituels exclusifs, \u00e9labor\u00e9s avec des actifs pr\u00e9cieux et des techniques ancestrales, sont une promesse d&rsquo;\u00e9vasion et de r\u00e9g\u00e9n\u00e9ration pour le corps et l&rsquo;esprit.<\/p>\n\t<a href=\"https:\/\/haileybeautyspa.com\/?page_id=14847\" target=\"_self\" role=\"button\">\n\t\t\t\t\tPus de details &#8230;\n\t<\/a>\n\t\t\t\t\t\t\t<img loading=\"lazy\" decoding=\"async\" width=\"309\" height=\"309\" src=\"https:\/\/pur.vamtam.com\/wp-content\/uploads\/2017\/11\/face1-1.jpg\" alt=\"face1\" itemprop=\"image\" title=\"face1\" onerror=\"this.style.display='none'\"  sizes=\"auto, (max-width: 768px) 100vw, 100vw\" srcset=\"https:\/\/haileybeautyspa.com\/wp-content\/uploads\/2017\/11\/face1-1.jpg 309w, https:\/\/haileybeautyspa.com\/wp-content\/uploads\/2017\/11\/face1-1-100x100.jpg 100w, https:\/\/haileybeautyspa.com\/wp-content\/uploads\/2017\/11\/face1-1-300x300.jpg 300w, https:\/\/haileybeautyspa.com\/wp-content\/uploads\/2017\/11\/face1-1-150x150.jpg 150w\" \/>\t\t\t\t\t\t\t\n<h2>\n\tVotre Parenth\u00e8se\n\t<\/h2>\n<h2>\n\tSur Mesure\n\t<\/h2>\n\t<p>L&rsquo;\u00e9vasion n&rsquo;attend pas. Acc\u00e9dez \u00e0 notre calendrier intuitif et r\u00e9servez en quelques clics le rendez-vous qui murmure \u00e0 votre \u00e2me. La s\u00e9r\u00e9nit\u00e9 est \u00e0 port\u00e9e de main, o\u00f9 que vous soyez.<\/p>\n\t<a href=\"\/janet-williams-appointments\/\" target=\"_self\" role=\"button\">\n\t\t\t\t\tBook a Treatment \u2192\n\t<\/a>\n\t\t\t\t\t\t\t<img loading=\"lazy\" decoding=\"async\" width=\"309\" height=\"309\" src=\"https:\/\/pur.vamtam.com\/wp-content\/uploads\/2017\/11\/face2-1.jpg\" alt=\"face2\" itemprop=\"image\" title=\"face2\" onerror=\"this.style.display='none'\"  sizes=\"auto, (max-width: 768px) 100vw, 100vw\" srcset=\"https:\/\/haileybeautyspa.com\/wp-content\/uploads\/2017\/11\/face2-1.jpg 309w, https:\/\/haileybeautyspa.com\/wp-content\/uploads\/2017\/11\/face2-1-100x100.jpg 100w, https:\/\/haileybeautyspa.com\/wp-content\/uploads\/2017\/11\/face2-1-300x300.jpg 300w, https:\/\/haileybeautyspa.com\/wp-content\/uploads\/2017\/11\/face2-1-150x150.jpg 150w\" \/>\t\t\t\t\t\t\t\n<h2>\n\tLe Don Pr\u00e9cieux\n\t<\/h2>\n<h2>\n\tde la Douceur\n\t<\/h2>\n\t<p>Plus qu&rsquo;un pr\u00e9sent, une invitation \u00e0 la pl\u00e9nitude. Choisissez parmi nos rituels d&rsquo;exception le voyage sensoriel qui fera vibrer le c\u0153ur de vos proches. Un geste qui r\u00e9sonne longtemps.<\/p>\n\t<a href=\"\/giftcards-specials\/\" target=\"_self\" role=\"button\">\n\t\t\t\t\tChoose the Perfect Gift \u2192\n\t<\/a>\n\t\t\t\t\t\t\t<img loading=\"lazy\" decoding=\"async\" width=\"309\" height=\"309\" src=\"https:\/\/pur.vamtam.com\/wp-content\/uploads\/2017\/11\/face3-1.jpg\" alt=\"face3\" itemprop=\"image\" title=\"face3\" onerror=\"this.style.display='none'\"  sizes=\"auto, (max-width: 768px) 100vw, 100vw\" srcset=\"https:\/\/haileybeautyspa.com\/wp-content\/uploads\/2017\/11\/face3-1.jpg 309w, https:\/\/haileybeautyspa.com\/wp-content\/uploads\/2017\/11\/face3-1-100x100.jpg 100w, https:\/\/haileybeautyspa.com\/wp-content\/uploads\/2017\/11\/face3-1-300x300.jpg 300w, https:\/\/haileybeautyspa.com\/wp-content\/uploads\/2017\/11\/face3-1-150x150.jpg 150w\" \/>\t\t\t\t\t\t\t\n<h2>\n\tVos Privil\u00e8ges,\n\t<\/h2>\n<h2>\n\t\u00c9closent Ici\n\t<\/h2>\n\t<p>Chaque saison d\u00e9voile ses tr\u00e9sors. D\u00e9couvrez une collection d&rsquo;offres exclusives, con\u00e7ues pour magnifier votre bien-\u00eatre et vous offrir des moments d&rsquo;\u00e9clat et de ressourcement in\u00e9gal\u00e9s.<\/p>\n\t<a href=\"\/treatments\/packages\/\" target=\"_self\" role=\"button\">\n\t\t\t\t\tGet a Best Offer \u2192\n\t<\/a>\n<h3>\n\t\t\t<a href=\"\/relaxation\/\" title=\"Soin Hydrafacial cor\u00e9en\" target=\"_self\">\n\tSoin Hydrafacial cor\u00e9en\n\t\t\t<\/a>\n\t<\/h3>\n\t<p>Treat yourself t\u00f3 most relaxing hour of your life!<\/p>\n<h3>\n\tEpilation \u00e0 la cire orientale\n\t<\/h3>\n\t<p>Your athletic spa experience and recovery.<\/p>\n<h3>\n\t\t\t<a href=\"\/treatments\/thai-massage\/\" title=\"Thai\" target=\"_self\">\n\tThai\n\t\t\t<\/a>\n\t<\/h3>\n\t<p>Ancient healing system with acupressure.<\/p>\n<h3>\n\t\t\t<a href=\"\/revive-with-rose\/\" title=\"Rose\" target=\"_self\">\n\tRose\n\t\t\t<\/a>\n\t<\/h3>\n\t<p>Particularly effective on sensitive skin.<\/p>\n<h2>\n\t\t\t<a href=\"https:\/\/www.planity.com\/hailey-beauty-spa-69700-givors\" title=\"R\u00e9s\u00e9rvation Planity\" target=\"_blank\">\n\tR\u00e9s\u00e9rvation Planity\n\t\t\t<\/a>\n\t<\/h2>\n\tQuality Service. Attention to Detail.<br \/>\nRelaxation at its best.\n\t\t\tHammam \/ Spa\n\t\t<table><tbody><tr><td>Hammam \/ Spa entr\u00e9e<br \/><small>Cette prestation ne peut pas \u00eatre r\u00e9serv\u00e9e en ligne. Merci d&rsquo;appeler le 06 68 97 58 37.<\/small><\/td><td>2 h<\/td><td>27 \u20ac<\/td><\/tr><tr><td>Formule spa + gommage<\/td><td>15 min<\/td><td>32 \u20ac<\/td><\/tr><tr><td>Gommage<br \/><small>Cette prestation ne peut pas \u00eatre r\u00e9serv\u00e9e en ligne. Merci d&rsquo;appeler le 06 68 97 58 37.<\/small><\/td><td>30 min<\/td><td>6 \u20ac<\/td><\/tr><\/tbody><\/table>\n\t\t\tEpilation \u00e0 la cire orientale\n\t\t<table><tbody><tr><td>\u00c9pilation \u00e0 la cire orientale mi-jambe<\/td><td>30 min<\/td><td>17 \u20ac<\/td><\/tr><tr><td>\u00c9pilation \u00e0 la cire orientale jambes compl\u00e8tes<\/td><td>30 min<\/td><td>30 \u20ac<\/td><\/tr><tr><td>\u00c9pilation \u00e0 la cire orientale jambes compl\u00e8tes et maillot simple<\/td><td>30 min<\/td><td>35 \u20ac<\/td><\/tr><tr><td>\u00c9pilation \u00e0 la cire orientale maillot simple<\/td><td>30 min<\/td><td>12 \u20ac<\/td><\/tr><tr><td>\u00c9pilation \u00e0 la cire orientale maillot \u00e9chancr\u00e9<\/td><td>30 min<\/td><td>17 \u20ac<\/td><\/tr><tr><td>\u00c9pilation \u00e0 la cire orientale maillot int\u00e9gral<\/td><td>30 min<\/td><td>26 \u20ac<\/td><\/tr><tr><td>\u00c9pilation \u00e0 la cire orientale aisselles<\/td><td>30 min<\/td><td>12 \u20ac<\/td><\/tr><tr><td>\u00c9pilation \u00e0 la cire orientale bras entier<\/td><td>30 min<\/td><td>17 \u20ac<\/td><\/tr><tr><td>\u00c9pilation \u00e0 la cire orientale mi-bras<\/td><td>30 min<\/td><td>14 \u20ac<\/td><\/tr><tr><td>\u00c9pilation \u00e0 la cire orientale visage et sourcils<\/td><td>30 min<\/td><td>22 \u20ac<\/td><\/tr><tr><td>\u00c9pilation \u00e0 la cire orientale signe<\/td><td>30 min<\/td><td>19 \u20ac<\/td><\/tr><tr><td>\u00c9pilation \u00e0 la cire orientale sourcils<\/td><td>30 min<\/td><td>12 \u20ac<\/td><\/tr><tr><td>\u00c9pilation \u00e0 la cire orientale l\u00e8vre sup\u00e9rieure<\/td><td>30 min<\/td><td>8 \u20ac<\/td><\/tr><tr><td>\u00c9pilation \u00e0 la cire orientale l\u00e8vre sup\u00e9rieure et menton<\/td><td>30 min<\/td><td>12 \u20ac<\/td><\/tr><\/tbody><\/table>\n\t\t\tUV\n\t\t<table><tbody><tr><td>UV : Solarium Ergoline Affinity 990 SLP 5 min<\/td><td>5 min<\/td><td>5 \u20ac<\/td><\/tr><tr><td>UV : Solarium Ergoline Affinity 990 SLP 10 min<\/td><td>10 min<\/td><td>10 \u20ac<\/td><\/tr><tr><td>UV : Solarium Ergoline Affinity 990 SLP 15 min<\/td><td>15 min<\/td><td>15 \u20ac<\/td><\/tr><tr><td>UV : Solarium Ergoline Affinity 990 SLP 20 min<\/td><td>20 min<\/td><td>20 \u20ac<\/td><\/tr><tr><td>UV : Solarium Ergoline Affinity 990 SLP 25 min<\/td><td>25 min<\/td><td>25 \u20ac<\/td><\/tr><tr><td>UV : Solarium Ergoline Affinity 990 SLP 30 min<\/td><td>30 min<\/td><td>30 \u20ac<\/td><\/tr><tr><td>Lunette de protection obligatoire<\/td><td>30 min<\/td><td>5 \u20ac<\/td><\/tr><\/tbody><\/table>\n\t\t\tSoin Hydrafacial cor\u00e9en\n\t\t<table><tbody><tr><td>Soin Hydrafacial cor\u00e9en (1h15)<br \/><small>Ce soin visage nettoie, hydrate et repulpe en profondeur. Il favorise la production de collag\u00e8ne.<\/small><\/td><td>1 h 15 min<\/td><td>50 \u20ac<\/td><\/tr><\/tbody><\/table>\n\t<a href=\"https:\/\/www.planity.com\/hailey-beauty-spa-69700-givors\" target=\"_self\" role=\"button\">\n\t\t\t\t\tR\u00e9servez maintenant\n\t<\/a>\n<h3>\n\t\t\t<a href=\"\/treatments\/salt-therapies\/\" title=\"Salt &amp; Aroma\" target=\"_self\">\n\tSalt &amp; Aroma\n\t\t\t<\/a>\n\t<\/h3>\n\t<p>The salt contains the essential oil of juniper fruits.<\/p>\n<h3>\n\t\t\t<a href=\"\/treatments\/hydrotherapy\/\" title=\"Hydro\" target=\"_self\">\n\tHydro\n\t\t\t<\/a>\n\t<\/h3>\n\t<p>Spa treatment which uses high pressure jets of water.<\/p>\n<h3>\n\t\t\t<a href=\"\/treatments\/thermo-stone-therapies\/\" title=\"Hot Stone\" target=\"_self\">\n\tHot Stone\n\t\t\t<\/a>\n\t<\/h3>\n\t<p>The heat of the volcanic basalt stones.<\/p>\n<h3>\n\t\t\t<a href=\"\/aroma-therapy\/\" title=\"Aroma\" target=\"_self\">\n\tAroma\n\t\t\t<\/a>\n\t<\/h3>\n\t<p>Leaving your skin feeling silky smooth.<\/p>\n<h1>\n\tCe que disent nos clients\n\t<\/h1>\n\t<p>Results oriented massage therapy..<\/p>\n\n<\/div><!-- .vgblk-rw-wrapper -->","protected":false},"excerpt":{"rendered":"<p>D\u00e9couvrez l&rsquo;\u00c9l\u00e9gance de&#8230; L&rsquo;Art du Bien-\u00catre Red\u00e9fin Chaque instant est une invitation \u00e0 la d\u00e9tente profonde. Nos rituels exclusifs, \u00e9labor\u00e9s avec des actifs pr\u00e9cieux et des techniques ancestrales, sont une&#8230;<\/p>\n","protected":false},"author":1,"featured_media":0,"parent":0,"menu_order":0,"comment_status":"closed","ping_status":"closed","template":"","meta":{"_price":"","_stock":"","_tribe_ticket_header":"","_tribe_default_ticket_provider":"","_tribe_ticket_capacity":"0","_ticket_start_date":"","_ticket_end_date":"","_tribe_ticket_show_description":"","_tribe_ticket_show_not_going":false,"_tribe_ticket_use_global_stock":"","_tribe_ticket_global_stock_level":"","_global_stock_mode":"","_global_stock_cap":"","_tribe_rsvp_for_event":"","_tribe_ticket_going_count":"","_tribe_ticket_not_going_count":"","_tribe_tickets_list":"[]","_tribe_ticket_has_attendee_info_fields":false,"footnotes":""},"class_list":["post-13400","page","type-page","status-publish","hentry"],"_links":{"self":[{"href":"https:\/\/haileybeautyspa.com\/index.php?rest_route=\/wp\/v2\/pages\/13400","targetHints":{"allow":["GET"]}}],"collection":[{"href":"https:\/\/haileybeautyspa.com\/index.php?rest_route=\/wp\/v2\/pages"}],"about":[{"href":"https:\/\/haileybeautyspa.com\/index.php?rest_route=\/wp\/v2\/types\/page"}],"author":[{"embeddable":true,"href":"https:\/\/haileybeautyspa.com\/index.php?rest_route=\/wp\/v2\/users\/1"}],"replies":[{"embeddable":true,"href":"https:\/\/haileybeautyspa.com\/index.php?rest_route=%2Fwp%2Fv2%2Fcomments&post=13400"}],"version-history":[{"count":4,"href":"https:\/\/haileybeautyspa.com\/index.php?rest_route=\/wp\/v2\/pages\/13400\/revisions"}],"predecessor-version":[{"id":988029,"href":"https:\/\/haileybeautyspa.com\/index.php?rest_route=\/wp\/v2\/pages\/13400\/revisions\/988029"}],"wp:attachment":[{"href":"https:\/\/haileybeautyspa.com\/index.php?rest_route=%2Fwp%2Fv2%2Fmedia&parent=13400"}],"curies":[{"name":"wp","href":"https:\/\/api.w.org\/{rel}","templated":true}]}}