{"id":14847,"date":"2017-11-08T19:07:39","date_gmt":"2017-11-08T19:07:39","guid":{"rendered":"https:\/\/pur.vamtam.com\/?page_id=14847"},"modified":"2025-09-27T22:07:01","modified_gmt":"2025-09-27T20:07:01","slug":"our-spa","status":"publish","type":"page","link":"https:\/\/haileybeautyspa.com\/?page_id=14847","title":{"rendered":"L&rsquo;\u00c9quipe d&rsquo;Artisans au C\u0153ur de Votre S\u00e9r\u00e9nit\u00e9"},"content":{"rendered":"<div class=\"vgblk-rw-wrapper limit-wrapper\">\n<h2>\n\tL&rsquo;art de l&rsquo;\u00e9veil des sens,\n\t<\/h2>\n<h2>\n\tVotre Sanctuaire de Puret\u00e9\n\t<\/h2>\n\t<p>Chaque rituel, un murmure de perfection. Nos mains expertes, guid\u00e9es par l&rsquo;essence des actifs les plus rares, tissent une symphonie de bien-\u00eatre, sculptant une harmonie retrouv\u00e9e entre corps et esprit.<\/p>\n<h3>\n\tNotre Savoir-Faire\n\t<\/h3>\n\t<p>Forts d&rsquo;une expertise reconnue, nous cultivons l&rsquo;art du bien-\u00eatre avec une passion in\u00e9branlable. Chaque geste est empreint de tradition et d&rsquo;une recherche constante d&rsquo;excellence, pour vous offrir des moments de pure r\u00e9g\u00e9n\u00e9ration.<\/p>\n<h3>\n\tVotre Instant Pr\u00e9sent\n\t<\/h3>\n\t<p>Aujourd&rsquo;hui, nous vous invitons \u00e0 une immersion totale dans la d\u00e9tente. Laissez-vous guider par nos praticiens experts dans un voyage sensoriel con\u00e7u pour \u00e9quilibrer corps et esprit, et red\u00e9couvrir votre s\u00e9r\u00e9nit\u00e9.<\/p>\n<h3>\n\tNos Engagements\n\t<\/h3>\n\t<p>Nous nous engageons \u00e0 vous offrir une exp\u00e9rience d&rsquo;exception, alliant produits de haute qualit\u00e9 et techniques innovantes. Votre bien-\u00eatre est notre priorit\u00e9 absolue, assurant un service personnalis\u00e9 et des r\u00e9sultats durables.<\/p>\n<h2>\n\tVotre Rendez-vous Bien-\u00eatre\n\t<\/h2>\n\t<p>Simplifiez votre \u00e9vasion. Planifiez en quelques clics votre moment de d\u00e9tente et laissez-nous orchestrer votre parenth\u00e8se de s\u00e9r\u00e9nit\u00e9. Une exp\u00e9rience sur mesure, \u00e0 port\u00e9e de main.<\/p>\n\tRemarque\u00a0: JavaScript est requis pour ce contenu.\n        <!-- That data is being printed as a workaround to page builders reordering the order of the scripts loaded-->\n        \n<\/div><!-- .vgblk-rw-wrapper -->","protected":false},"excerpt":{"rendered":"<p>L&rsquo;art de l&rsquo;\u00e9veil des sens, Votre Sanctuaire de Puret\u00e9 Chaque rituel, un murmure de perfection. Nos mains expertes, guid\u00e9es par l&rsquo;essence des actifs les plus rares, tissent une symphonie de&#8230;<\/p>\n","protected":false},"author":1,"featured_media":0,"parent":0,"menu_order":0,"comment_status":"closed","ping_status":"closed","template":"","meta":{"_price":"","_stock":"","_tribe_ticket_header":"","_tribe_default_ticket_provider":"","_tribe_ticket_capacity":"0","_ticket_start_date":"","_ticket_end_date":"","_tribe_ticket_show_description":"","_tribe_ticket_show_not_going":false,"_tribe_ticket_use_global_stock":"","_tribe_ticket_global_stock_level":"","_global_stock_mode":"","_global_stock_cap":"","_tribe_rsvp_for_event":"","_tribe_ticket_going_count":"","_tribe_ticket_not_going_count":"","_tribe_tickets_list":"[]","_tribe_ticket_has_attendee_info_fields":false,"footnotes":""},"class_list":["post-14847","page","type-page","status-publish","hentry"],"_links":{"self":[{"href":"https:\/\/haileybeautyspa.com\/index.php?rest_route=\/wp\/v2\/pages\/14847","targetHints":{"allow":["GET"]}}],"collection":[{"href":"https:\/\/haileybeautyspa.com\/index.php?rest_route=\/wp\/v2\/pages"}],"about":[{"href":"https:\/\/haileybeautyspa.com\/index.php?rest_route=\/wp\/v2\/types\/page"}],"author":[{"embeddable":true,"href":"https:\/\/haileybeautyspa.com\/index.php?rest_route=\/wp\/v2\/users\/1"}],"replies":[{"embeddable":true,"href":"https:\/\/haileybeautyspa.com\/index.php?rest_route=%2Fwp%2Fv2%2Fcomments&post=14847"}],"version-history":[{"count":2,"href":"https:\/\/haileybeautyspa.com\/index.php?rest_route=\/wp\/v2\/pages\/14847\/revisions"}],"predecessor-version":[{"id":987696,"href":"https:\/\/haileybeautyspa.com\/index.php?rest_route=\/wp\/v2\/pages\/14847\/revisions\/987696"}],"wp:attachment":[{"href":"https:\/\/haileybeautyspa.com\/index.php?rest_route=%2Fwp%2Fv2%2Fmedia&parent=14847"}],"curies":[{"name":"wp","href":"https:\/\/api.w.org\/{rel}","templated":true}]}}